{"id":6,"date":"2021-07-02T11:52:03","date_gmt":"2021-07-02T09:52:03","guid":{"rendered":"http:\/\/localhost\/rencontre-festival\/?page_id=6"},"modified":"2023-01-31T16:41:33","modified_gmt":"2023-01-31T15:41:33","slug":"login","status":"publish","type":"page","link":"https:\/\/replay.jf3sexo.fr\/2022\/","title":{"rendered":"login"},"content":{"rendered":"<p>[vc_row type=&#8221;vc_default&#8221; full_width=&#8221;stretch_row_content_no_spaces&#8221; gap=&#8221;20&#8243; equal_height=&#8221;yes&#8221; content_placement=&#8221;top&#8221; bg_type=&#8221;bg_color&#8221; bg_override=&#8221;ex-full&#8221; bg_color_value=&#8221;#B23188&#8243; css=&#8221;.vc_custom_1631275841142{background-color: #eaf6ff !important;}&#8221;][vc_column][vc_single_image image=&#8221;533&#8243; img_size=&#8221;full&#8221; alignment=&#8221;center&#8221;][\/vc_column][vc_column width=&#8221;1\/2&#8243; css=&#8221;.vc_custom_1670489384644{padding-right: 10px !important;padding-left: 10px !important;background-color: #ffffff !important;}&#8221;][vc_custom_heading text=&#8221;Nous sommes heureux de vous accueillir sur la plateforme replay des JF3S 2022 !&#8221; font_container=&#8221;tag:h2|text_align:center|color:%23000000&#8243; google_fonts=&#8221;font_family:Ubuntu%3A300%2C300italic%2Cregular%2Citalic%2C500%2C500italic%2C700%2C700italic|font_style:500%20bold%20regular%3A500%3Anormal&#8221;][vc_empty_space][vc_column_text]Nous vous remercions pour votre participation aux JF3S 2022 !<\/p>\n<p>Les replays des pl\u00e9ni\u00e8res ainsi que des contenus suppl\u00e9mentaires in\u00e9dits sont disponibles sur cette plateforme. Pour vous connecter, merci de renseigner votre email et mot de passe utilis\u00e9s pour votre inscription.<\/p>\n<p>Le comit\u00e9 d&#8217;organisation[\/vc_column_text][\/vc_column][vc_column width=&#8221;1\/2&#8243; css=&#8221;.vc_custom_1670320901059{background-color: #47c2d1 !important;}&#8221;][vc_custom_heading text=&#8221;VISIONNEZ LES SESSIONS EN REPLAY&#8221; font_container=&#8221;tag:h2|text_align:center|color:%23ffffff&#8221; google_fonts=&#8221;font_family:Ubuntu%3A300%2C300italic%2Cregular%2Citalic%2C500%2C500italic%2C700%2C700italic|font_style:500%20bold%20regular%3A500%3Anormal&#8221;][vc_column_text]<\/p>\n<p style=\"text-align: center;\"><span style=\"color: #ffffff;\">Pas inscrit aux JF3S 2022 ? <a style=\"color: #ffffff;\" href=\"https:\/\/overcome.key4events.com\/register.aspx?e=259&amp;profilehash=e6a6afb3-880d-4988-81aa-85c4555f72fe\" target=\"_blank\" rel=\"noopener\">Cliquez ici<\/a><\/span><\/p>\n<p>[\/vc_column_text][vc_column_text]\n<div class=\"um um-login um-51\">\n\n\t<div class=\"um-form\">\n\n\t\t<form method=\"post\" action=\"\" autocomplete=\"off\">\n\n\t\t\t<div class=\"um-row _um_row_1 \" style=\"margin: 0 0 30px 0;\"><div class=\"um-col-1\"><div  id=\"um_field_51_username\" class=\"um-field um-field-text  um-field-username um-field-text um-field-type_text\" data-key=\"username\"><div class=\"um-field-label\"><label for=\"username-51\">Identifiant<\/label><div class=\"um-clear\"><\/div><\/div><div class=\"um-field-area\"><input  autocomplete=\"off\" class=\"um-form-field valid \" type=\"text\" name=\"username-51\" id=\"username-51\" value=\"\" placeholder=\"\" data-validate=\"unique_username_or_email\" data-key=\"username\" \/>\n\n\t\t\t\t\t\t<\/div><\/div><div  id=\"um_field_51_user_password\" class=\"um-field um-field-password  um-field-user_password um-field-password um-field-type_password\" data-key=\"user_password\"><div class=\"um-field-label\"><label for=\"user_password-51\">Mot de passe<\/label><div class=\"um-clear\"><\/div><\/div><div class=\"um-field-area\"><input class=\"um-form-field valid \" type=\"password\" name=\"user_password-51\" id=\"user_password-51\" value=\"\" placeholder=\"\" data-validate=\"\" data-key=\"user_password\" \/>\n\n\t\t\t\t\t\t<\/div><\/div><\/div><\/div>\t\t<input type=\"hidden\" name=\"form_id\" id=\"form_id_51\" value=\"51\" \/>\n\t\n\t<p class=\"um_request_name\">\n\t\t<label for=\"um_request_51\">Only fill in if you are not human<\/label>\n\t\t<input type=\"hidden\" name=\"um_request\" id=\"um_request_51\" class=\"input\" value=\"\" size=\"25\" autocomplete=\"off\" \/>\n\t<\/p>\n\n\t<input type=\"hidden\" id=\"_wpnonce\" name=\"_wpnonce\" value=\"dc601e8ca4\" \/><input type=\"hidden\" name=\"_wp_http_referer\" value=\"\/2022\/wp-json\/wp\/v2\/pages\/6\" \/>\n\t<div class=\"um-col-alt\">\n\n\t\t\n\n\t\t\t<div class=\"um-field um-field-c\">\n\t\t\t\t<div class=\"um-field-area\">\n\t\t\t\t\t<label class=\"um-field-checkbox\">\n\t\t\t\t\t\t<input type=\"checkbox\" name=\"rememberme\" value=\"1\"  \/>\n\t\t\t\t\t\t<span class=\"um-field-checkbox-state\"><i class=\"um-icon-android-checkbox-outline-blank\"><\/i><\/span>\n\t\t\t\t\t\t<span class=\"um-field-checkbox-option\"> Se souvenir de moi<\/span>\n\t\t\t\t\t<\/label>\n\t\t\t\t<\/div>\n\t\t\t<\/div>\n\n\t\t\t\t\t\t<div class=\"um-clear\"><\/div>\n\t\t\n\t\t\t<div class=\"um-center\">\n\t\t\t\t<input type=\"submit\" value=\"Connexion\" class=\"um-button\" id=\"um-submit-btn\" \/>\n\t\t\t<\/div>\n\n\t\t\n\t\t<div class=\"um-clear\"><\/div>\n\n\t<\/div>\n\n\t\n\t<div class=\"um-col-alt-b\">\n\t\t<a href=\"https:\/\/replay.jf3sexo.fr\/2022\/forget-your-password\/\" class=\"um-link-alt\">\n\t\t\tMot de passe oubli\u00e9\u00a0?\t\t<\/a>\n\t<\/div>\n\n\t\n\t\t<\/form>\n\n\t<\/div>\n\n<\/div>\n<style>\n\t\t\t.um-51.um {\n\t\t\tmax-width: 450px;\n\t\t}\n\t\t<\/style>\n[\/vc_column_text][\/vc_column][\/vc_row]<\/p>\n","protected":false},"excerpt":{"rendered":"<p>[vc_row type=&#8221;vc_default&#8221; full_width=&#8221;stretch_row_content_no_spaces&#8221; gap=&#8221;20&#8243; equal_height=&#8221;yes&#8221; content_placement=&#8221;top&#8221; bg_type=&#8221;bg_color&#8221; bg_override=&#8221;ex-full&#8221; bg_color_value=&#8221;#B23188&#8243; css=&#8221;.vc_custom_1631275841142{background-color: #eaf6ff !important;}&#8221;][vc_column][vc_single_image image=&#8221;533&#8243; img_size=&#8221;full&#8221; alignment=&#8221;center&#8221;][\/vc_column][vc_column width=&#8221;1\/2&#8243; css=&#8221;.vc_custom_1670489384644{padding-right: 10px !important;padding-left: 10px !important;background-color: #ffffff !important;}&#8221;][vc_custom_heading text=&#8221;Nous sommes heureux de vous accueillir sur la plateforme replay des JF3S 2022 !&#8221; font_container=&#8221;tag:h2|text_align:center|color:%23000000&#8243; google_fonts=&#8221;font_family:Ubuntu%3A300%2C300italic%2Cregular%2Citalic%2C500%2C500italic%2C700%2C700italic|font_style:500%20bold%20regular%3A500%3Anormal&#8221;][vc_empty_space][vc_column_text]Nous vous remercions pour votre participation aux JF3S 2022 ! Les replays des pl\u00e9ni\u00e8res ainsi que des&hellip;<\/p>\n","protected":false},"author":1,"featured_media":0,"parent":0,"menu_order":0,"comment_status":"closed","ping_status":"closed","template":"","meta":{"_links_to":"","_links_to_target":""},"_links":{"self":[{"href":"https:\/\/replay.jf3sexo.fr\/2022\/wp-json\/wp\/v2\/pages\/6"}],"collection":[{"href":"https:\/\/replay.jf3sexo.fr\/2022\/wp-json\/wp\/v2\/pages"}],"about":[{"href":"https:\/\/replay.jf3sexo.fr\/2022\/wp-json\/wp\/v2\/types\/page"}],"author":[{"embeddable":true,"href":"https:\/\/replay.jf3sexo.fr\/2022\/wp-json\/wp\/v2\/users\/1"}],"replies":[{"embeddable":true,"href":"https:\/\/replay.jf3sexo.fr\/2022\/wp-json\/wp\/v2\/comments?post=6"}],"version-history":[{"count":84,"href":"https:\/\/replay.jf3sexo.fr\/2022\/wp-json\/wp\/v2\/pages\/6\/revisions"}],"predecessor-version":[{"id":675,"href":"https:\/\/replay.jf3sexo.fr\/2022\/wp-json\/wp\/v2\/pages\/6\/revisions\/675"}],"wp:attachment":[{"href":"https:\/\/replay.jf3sexo.fr\/2022\/wp-json\/wp\/v2\/media?parent=6"}],"curies":[{"name":"wp","href":"https:\/\/api.w.org\/{rel}","templated":true}]}}